{"id":470,"date":"2018-08-27T17:42:31","date_gmt":"2018-08-27T15:42:31","guid":{"rendered":"https:\/\/kleinglobal.estate\/?page_id=470"},"modified":"2023-09-12T14:08:43","modified_gmt":"2023-09-12T12:08:43","slug":"datenschutz","status":"publish","type":"page","link":"https:\/\/kleinglobal.estate\/home\/datenschutz\/","title":{"rendered":"Datenschutz"},"content":{"rendered":"<p><strong>Datenschutzerkl\u00e4rung<br \/>\n<\/strong><\/p>\n<p><strong>Ihr Datenschutz ist unser Anliegen<\/strong><br \/>\nWir freuen uns \u00fcber Ihr Interesse an unserem Unternehmen und unseren Produkten bzw. Dienstleistungen und m\u00f6chten, dass Sie sich beim Besuch unserer Internetseiten auch hinsichtlich des Schutzes Ihrer personenbezogenen Daten sicher f\u00fchlen. Denn wir nehmen den Schutz Ihrer personenbezogener Daten sehr ernst.<\/p>\n<p><strong>1.) Information \u00fcber die Erhebung personenbezogener Daten<\/strong><\/p>\n<p>a) Im Folgenden informieren wir \u00fcber die Erhebung personenbezogener Daten bei Nutzung unserer Website. Personenbezogene Daten sind alle Daten, die auf Sie pers\u00f6nlich beziehbar sind, z. B. Name, Adresse, E-Mail-Adressen, IP-Adressen oder das Nutzerverhalten.<\/p>\n<p>b) Verantwortlicher gem. Art.\u00a04 Abs.\u00a07 EU-Datenschutz-Grundverordnung (DSGVO) ist<\/p>\n<p>Torsten Klein<\/p>\n<p>Am Schleifweg 16<\/p>\n<p>55128 Mainz<\/p>\n<p>Mobil: 01577 \/ 2891999<\/p>\n<p>E-Mail: <a href=\"mailto:kontakt@kleinglobal.de\">kontakt@kleinglobal.de<\/a><\/p>\n<p>c) Bei Ihrer Kontaktaufnahme mit uns per E-Mail, per Telefon oder \u00fcber ein Kontaktformular werden die von Ihnen mitgeteilten Daten (Ihr Name, Ihre Anschrift, Ihre E-Mailadresse und Ihre Telefonnummer) von uns gespeichert.<\/p>\n<p>Die von Ihnen zur Verf\u00fcgung gestellten personenbezogenen Daten verwenden wir im Allgemeinen, um Ihre Anfragen zu beantworten, Ihre Auftr\u00e4ge zu bearbeiten oder Ihnen Zugang zu bestimmten Informationen oder Angeboten zu verschaffen.<\/p>\n<p>Die in diesem Zusammenhang anfallenden Daten l\u00f6schen wir, nachdem die Speicherung nicht mehr erforderlich ist, oder schr\u00e4nken die Verarbeitung ein, soweit gesetzliche Aufbewahrungspflichten bestehen, siehe nachfolgend \u00a04.) Weitere Erhebung und Verarbeitung personenbezogener Daten.<\/p>\n<p>d) Falls wir f\u00fcr einzelne Funktionen unseres Angebots auf beauftragte Dienstleister zur\u00fcckgreifen oder Ihre Daten f\u00fcr werbliche Zwecke nutzen m\u00f6chten, werden wir Sie untenstehend im Detail \u00fcber die jeweiligen Vorg\u00e4nge informieren. Dabei nennen wir auch die festgelegten Kriterien der Speicherdauer.<\/p>\n<p>e) Wir werden die von Ihnen online zur Verf\u00fcgung gestellten personenbezogenen Daten nur f\u00fcr die Ihnen mitgeteilten Zwecke erheben, verarbeiten und nutzen. Eine Weitergabe Ihrer personenbezogenen Daten an Dritte erfolgt nicht ohne Ihre notwendige Einwilligung.<br \/>\nErhebungen von personenbezogenen Daten sowie deren \u00dcbermittlung an auskunftsberechtigte staatliche Institutionen und Beh\u00f6rden erfolgen nur im Rahmen der einschl\u00e4gigen Gesetze bzw. sofern wir durch eine gerichtliche Entscheidung dazu verpflichtet sind.<\/p>\n<p><strong>2.) Ihre Rechte<\/strong><\/p>\n<p>a) Sie haben gegen\u00fcber uns folgende Rechte hinsichtlich der Sie betreffenden personenbezogenen Daten:<\/p>\n<p>\u2013\u00a0\u00a0\u00a0das Recht auf Auskunft nach Art. 15 DSGVO,<\/p>\n<p>\u2013\u00a0\u00a0\u00a0die Rechte auf Berichtigung oder L\u00f6schung nach Art. 16 bzw. Art. 17 DSGVO,<\/p>\n<p>\u2013\u00a0\u00a0\u00a0das Recht auf Einschr\u00e4nkung der Verarbeitung nach Art. 18 DSGVO,<\/p>\n<p>\u2013\u00a0\u00a0\u00a0das Recht auf Widerspruch gegen die Verarbeitung nach Art. 21 DSGVO,<\/p>\n<p>\u2013\u00a0\u00a0\u00a0das Recht auf Daten\u00fcbertragbarkeit nach Art. 20 DSGVO.<\/p>\n<p>Bei den Rechten auf Auskunft und auf L\u00f6schung gelten die Einschr\u00e4nkungen nach \u00a7\u00a7 34, 35 BDSG.<\/p>\n<p>b) Beschwerderecht bei der zust\u00e4ndigen Aufsichtsbeh\u00f6rde<\/p>\n<p>Im Falle datenschutzrechtlicher Verst\u00f6\u00dfe steht dem Betroffenen ein Beschwerderecht bei der zust\u00e4ndigen Aufsichtsbeh\u00f6rde, gem\u00e4\u00df Art. 77 DSGVO i.V.m. \u00a7 19 BDSG zu, z. Bsp. dem Landesbeauftragten f\u00fcr den Datenschutz und die Informationsfreiheit in Rheinland-Pfalz, erreichbar \u00fcber <a href=\"http:\/\/www.datenschutz.rlp.de\">www.datenschutz.rlp.de<\/a> .<\/p>\n<p>Zust\u00e4ndige Aufsichtsbeh\u00f6rde in datenschutzrechtlichen Fragen ist der Landesdatenschutzbeauftragte des Bundeslandes, in dem ein Unternehmen seinen Sitz hat. Eine Liste der Datenschutzbeauftragten sowie deren Kontaktdaten k\u00f6nnen folgendem Link entnommen werden: <a href=\"https:\/\/www.bfdi.bund.de\/DE\/Infothek\/Anschriften_Links\/anschriften_links-node.html\">https:\/\/www.bfdi.bund.de\/DE\/Infothek\/Anschriften_Links\/anschriften_links-node.html<\/a><\/p>\n<p><strong>3.) Erhebung personenbezogener Daten bei Besuch unserer Website<\/strong><\/p>\n<p>a) Bei einer rein informatorischen Nutzung der Website, also wenn Sie uns nicht zum Zwecke der \u00dcbermittlung weiterer Informationen per E-Mail oder telefonisch kontaktieren, erheben wir nur die personenbezogenen Daten, die Ihr Browser an unseren Server \u00fcbermittelt. Wenn Sie unsere Website betrachten m\u00f6chten, erheben wir die folgenden Daten, die f\u00fcr uns technisch erforderlich sind, um Ihnen unsere Website anzuzeigen und die Stabilit\u00e4t und Sicherheit zu gew\u00e4hrleisten (Rechtsgrundlage ist Art.\u00a06 Abs.\u00a01 S.\u00a01 f) DSGVO):<\/p>\n<p>\u2013\u00a0\u00a0 IP-Adresse<\/p>\n<p>\u2013\u00a0\u00a0 Datum und Uhrzeit der Anfrage<\/p>\n<p>\u2013\u00a0\u00a0 Zeitzonendifferenz zur Greenwich Mean Time (GMT)<\/p>\n<p>\u2013\u00a0\u00a0 Inhalt der Anforderung (konkrete Seite)<\/p>\n<p>\u2013\u00a0\u00a0 Zugriffsstatus\/HTTP-Statuscode<\/p>\n<p>\u2013\u00a0\u00a0 jeweils \u00fcbertragene Datenmenge<\/p>\n<p>\u2013\u00a0\u00a0 Website, von der die Anforderung kommt<\/p>\n<p>\u2013\u00a0\u00a0 Browser<\/p>\n<p>\u2013\u00a0\u00a0 Betriebssystem und dessen Oberfl\u00e4che<\/p>\n<p>\u2013\u00a0\u00a0 Sprache und Version der Browsersoftware.<\/p>\n<p>S\u00e4mtliche Daten \u00fcber die rein informatorische Nutzung werden fr\u00fchestm\u00f6glich, sp\u00e4testens nach Ende des Nutzungsvorgangs, gel\u00f6scht.<\/p>\n<p>b) Wir setzen keine Cookies ein. Es werden also bei Ihrer Nutzung unserer Website keine Cookies auf Ihrem Rechner gespeichert. Ebenso setzen wir keine Web-Analyse-Tools oder Social Media Plug-Ins auf unseren Internetseiten ein, mit Ausnahme von Google Maps, siehe hierzu 7. ) Einbindung von Google Maps.<\/p>\n<p><strong>4.) Weitere Erhebung und Verarbeitung personenbezogener Daten<\/strong><\/p>\n<p>a) Wir bieten als Immobilienmakler maklertypische Leistungen an, die Sie bei Interesse nutzen k\u00f6nnen. Hierf\u00fcr m\u00fcssen Sie weitere personenbezogene Daten angeben, die wir zur Erbringung der jeweiligen Leistung nutzen und f\u00fcr die die zuvor genannten Grunds\u00e4tze zur Datenverarbeitung gelten.<\/p>\n<p>b) Zum Teil bedienen wir uns zur Verarbeitung Ihrer Daten externer Dienstleister. Diese wurden von uns sorgf\u00e4ltig ausgew\u00e4hlt und beauftragt, sind an unsere Weisungen gebunden und werden regelm\u00e4\u00dfig kontrolliert.<\/p>\n<p>c) Weiterhin geben wir zum Zwecke des Nachweises und\/oder der Vermittlung von Vertragsabschl\u00fcssen die von Ihnen zur Verf\u00fcgung gestellten personenbezogenen Daten an Dritte weiter, insbesondere also an Verk\u00e4ufer oder K\u00e4ufer bzw. Vermieter oder Mieter von Immobilien. N\u00e4here Informationen hierzu erhalten Sie bei Angabe Ihrer personenbezogenen Daten oder in der Beschreibung unserer Angebote und Leistungen auf dieser Website.<\/p>\n<p>Die Weitergabe erfolgt allerdings nur auf Ihren ausdr\u00fccklichen Wunsch hin und in Absprache mit Ihnen; Rechtsgrundlage hierf\u00fcr ist eine gesonderte Einwilligung Ihrerseits, Art. 6 Abs. 1 S. 1 a) DSGVO.<\/p>\n<p>d) Soweit dies zur Erbringung unserer Leistungen als Makler erforderlich ist, verarbeiten wir auch personenbezogene Daten, die wir aus \u00f6ffentlichen Quellen (z. B. Grundb\u00fccher, Handelsregister, Vereinsregister, Melderegister, Internet, Schuldnerverzeichnisse) in zul\u00e4ssiger Weise erhalten. Gleiches gilt f\u00fcr personenbezogene Daten, die uns in zul\u00e4ssiger Weise von sonstigen Dritten (z. B. einer Kreditauskunft) \u00fcbermittelt werden.<\/p>\n<p>e) Wir verarbeiten und speichern Ihre personenbezogenen Daten, solange dies zur Erf\u00fcllung unserer vertraglichen und gesetzlichen Pflichten erforderlich ist. Zudem sind wir aufgrund handel- und steuerrechtlicher Vorgaben (insbesondere gem\u00e4\u00df \u00a7 147 AO, \u00a7 257 Abs. 1 HGB) verpflichtet, einzelne personenbezogene Daten f\u00fcr die Dauer von bis zu zehn Jahren zu speichern. Weiterhin ergeben sich f\u00fcr uns als Immobilienmakler aus \u00a7\u00a7 10, 14 MaBV und \u00a7 8 Geldw\u00e4schegesetz gesetzliche Speicher- bzw. Aufbewahrungsfristen von jeweils f\u00fcnf Jahren und aus \u00a7 15 Abs. 4, 19 des Allgemeinen Gleichstellungsgesetzes (AGG) eine Speicher- bzw. Aufbewahrungsfrist von zwei Monaten f\u00fcr bestimmte personenbezogene Daten. Nach einem Zeitraum von zwei Jahren nehmen wir regelm\u00e4\u00dfig eine Einschr\u00e4nkung der Verarbeitung vor, Ihre Daten werden nur zur Einhaltung unserer vertraglichen oder gesetzlichen Verpflichtungen eingesetzt.<\/p>\n<p>f) Zur Verhinderung unberechtigter Zugriffe Dritter auf Ihre pers\u00f6nlichen Daten wird die E-Mail-Korrespondenz mit Ihnen verschl\u00fcsselt.<\/p>\n<p>g) Wenn unsere Dienstleister oder Partner ihren Sitz in einem Staat au\u00dferhalb des Europ\u00e4ischen Wirtschaftsr\u00e4umen (EWR) haben, informieren wir Sie \u00fcber die Folgen dieses Umstands in der Beschreibung des Angebotes.<\/p>\n<p><strong>5.) Rechtsgrundlagen f\u00fcr die Verarbeitung personenbezogener Daten<\/strong><\/p>\n<p>a) Die Rechtsgrundlagen f\u00fcr die Einholung von Einwilligungen sind Art. 6 Abs. 1 S. 1 a), Art. 7 f. DSGVO.<\/p>\n<p>b) Die Rechtsgrundlage f\u00fcr die Verarbeitung personenbezogener Daten f\u00fcr die Erf\u00fcllung eines Vertrags oder zur Durchf\u00fchrung vorvertraglicher Ma\u00dfnahmen auf Anfrage der betroffenen Person ist Art. 6 Abs. 1 S. 1 b) DSGVO.<\/p>\n<p>c) Die Rechtsgrundlage f\u00fcr eine Verarbeitung zur Erf\u00fcllung uns obliegender rechtlicher Verpflichtungen ist Art. 6 Abs. 1 S. 1 c) DSGVO.<\/p>\n<p>d) Die Rechtsgrundlage f\u00fcr eine Verarbeitung zur Wahrung unserer berechtigten Interessen oder von berechtigten Interessen eines Dritten ist Art. 6 Abs. 1 S. 1 f) DSGVO.<\/p>\n<p>e) Sollten lebenswichtige Interessen von uns oder von dritten Personen eine Verarbeitung personenbezogener Daten erforderlich machen, erfolgt dies auf Grundlage von Art. 6 Abs. 1 S. 1 d) DSGVO.<\/p>\n<p><strong>6.) Widerspruch oder Widerruf gegen die Verarbeitung Ihrer Daten<\/strong><\/p>\n<p>a) Falls Sie eine Einwilligung zur Verarbeitung Ihrer Daten erteilt haben, k\u00f6nnen Sie diese jederzeit widerrufen. Ein solcher Widerruf beeinflusst die Zul\u00e4ssigkeit der Verarbeitung Ihrer personenbezogenen Daten, nachdem Sie ihn gegen\u00fcber uns ausgesprochen haben.<\/p>\n<p>b) Auch soweit wir die Verarbeitung Ihrer personenbezogenen Daten auf eine Interessenabw\u00e4gung st\u00fctzen, k\u00f6nnen Sie Widerspruch gegen die Verarbeitung einlegen. Dies ist der Fall, wenn die Verarbeitung insbesondere nicht zur Erf\u00fcllung eines Vertrags mit Ihnen erforderlich ist, was von uns jeweils bei der nachfolgenden Beschreibung der Funktionen dargestellt wird. Bei Aus\u00fcbung eines solchen Widerspruchs bitten wir um Darlegung der Gr\u00fcnde, weshalb wir Ihre personenbezogenen Daten nicht wie von uns durchgef\u00fchrt verarbeiten sollten.<\/p>\n<p>c) Im Falle Ihres begr\u00fcndeten Widerspruchs pr\u00fcfen wir die Sachlage und werden Ihre personenbezogenen Daten nicht mehr verarbeiten, es sei denn, wir k\u00f6nnen zwingende schutzw\u00fcrdige Gr\u00fcnde f\u00fcr eine weitere Verarbeitung nachweisen, die Ihre Interessen und Rechte \u00fcberwiegen, oder die weitere Verarbeitung dient der Geltendmachung, Aus\u00fcbung oder Verteidigung von Rechtsanspr\u00fcchen.<\/p>\n<p>d) Sie k\u00f6nnen der Verarbeitung Ihrer personenbezogenen Daten f\u00fcr Zwecke der Werbung und Datenanalyse jederzeit widersprechen.<\/p>\n<p>e) \u00dcber Ihren Widerspruch k\u00f6nnen Sie uns formlos \u00fcber folgende Kontaktdaten informieren:<\/p>\n<p>Klein Global, Torsten Klein<\/p>\n<p>Am Schleifweg 16<\/p>\n<p>55128 Mainz<\/p>\n<p>Mibil: 01577 \/ 2891999<\/p>\n<p>E-Mail: kontakt@kleinglobal.de<\/p>\n<p><strong>7.) Einbindung von Google Maps<\/strong><\/p>\n<p>a) Auf dieser Webseite nutzen wir, \u00fcber eine API, den Kartendienst Google Maps. Anbieter ist die Google Inc., 1600 Amphitheatre Parkway, Mountain View, CA 94043, USA.<\/p>\n<p>Dadurch k\u00f6nnen wir Ihnen interaktive Karten direkt in der Website anzeigen und erm\u00f6glichen Ihnen die komfortable Nutzung der Karten-Funktion.<\/p>\n<p>Zur Nutzung der Funktionen von Google Maps ist es notwendig, Ihre IP Adresse zu speichern. Diese Informationen werden in der Regel an einen Server von Google in den USA \u00fcbertragen und dort gespeichert. Der Anbieter dieser Seite hat keinen Einfluss auf diese Daten\u00fcbertragung.<\/p>\n<p>Die Nutzung von Google Maps erfolgt im Interesse einer ansprechenden Darstellung unserer Online-Angebote und an einer leichteren Lokalisierung der von uns auf der Website angegebenen Orte. Dies stellt ein berechtigtes Interesse im Sinne von Art. 6 Abs. 1 lit. f DSGVO dar.<\/p>\n<p>b) Durch den Besuch auf der Website erh\u00e4lt Google die Information, dass Sie die entsprechende Unterseite unserer Website aufgerufen haben. Zudem werden die unter \u00a03.) dieser Erkl\u00e4rung genannten Daten \u00fcbermittelt. Dies erfolgt unabh\u00e4ngig davon, ob Google ein Nutzerkonto bereitstellt, \u00fcber das Sie eingeloggt sind, oder ob kein Nutzerkonto besteht. Wenn Sie bei Google eingeloggt sind, werden Ihre Daten direkt Ihrem Konto zugeordnet. Wenn Sie die Zuordnung mit Ihrem Profil bei Google nicht w\u00fcnschen, m\u00fcssen Sie sich vor Aktivierung des Buttons ausloggen. Google speichert Ihre Daten als Nutzungsprofile und nutzt sie f\u00fcr Zwecke der Werbung, Marktforschung und\/oder bedarfsgerechten Gestaltung seiner Website. Eine solche Auswertung erfolgt insbesondere (selbst f\u00fcr nicht eingeloggte Nutzer) zur Erbringung von bedarfsgerechter Werbung und um andere Nutzer des sozialen Netzwerks \u00fcber Ihre Aktivit\u00e4ten auf unserer Website zu informieren. Ihnen steht ein Widerspruchsrecht zu gegen die Bildung dieser Nutzerprofile, wobei Sie sich zur Aus\u00fcbung des Widerspruchsrechts an Google wenden m\u00fcssen.<\/p>\n<p>c) Weitere Informationen zu Zweck und Umfang der Datenerhebung und ihrer Verarbeitung durch den Plug-in-Anbieter erhalten Sie in den Datenschutzerkl\u00e4rungen des Anbieters. Dort erhalten Sie auch weitere Informationen zu Ihren diesbez\u00fcglichen Rechten und Einstellungsm\u00f6glichkeiten zum Schutze Ihrer Privatsph\u00e4re: <a href=\"https:\/\/www.google.de\/intl\/de\/policies\/privacy\/\">https:\/\/www.google.de\/intl\/de\/policies\/privacy\/<\/a>.<\/p>\n<p>Google verarbeitet Ihre personenbezogenen Daten auch in den USA und hat sich dem EU-US Privacy Shield unterworfen, <a href=\"https:\/\/www.privacyshield.gov\/EU-US-Framework\">https:\/\/www.privacyshield.gov\/EU-US-Framework<\/a>.<\/p>\n<p><strong>8.) Datensicherheit<\/strong><\/p>\n<p>Innerhalb des Websitebesuchs verwenden wir das SSL-Verfahren (Secure Socket Layer) in Verbindung mit der h\u00f6chsten Verschl\u00fcsselungsstufe, die von Ihrem Browser unterst\u00fctzt wird.<\/p>\n<p>Anhand der Darstellung des Schl\u00fcssels bzw. des Schloss-Symbols in der unteren Zeile Ihres Browsers k\u00f6nnen Sie erkennen, inwieweit eine Seite unserer Website verschl\u00fcsselt \u00fcbertragen wird. Zudem nutzen wir geeignete technische organisatorische Sicherheitsma\u00dfnahmen, um personenbezogene Daten gegen Manipulation, Verlust, Zerst\u00f6rung oder den unbefugten Zugriff Dritter zu sch\u00fctzen.<\/p>\n","protected":false},"excerpt":{"rendered":"<p>Datenschutzerkl\u00e4rung Ihr Datenschutz ist unser Anliegen Wir freuen uns \u00fcber Ihr Interesse an unserem Unternehmen und unseren Produkten bzw. Dienstleistungen und m\u00f6chten, dass Sie sich beim Besuch unserer Internetseiten auch hinsichtlich des Schutzes Ihrer personenbezogenen Daten sicher f\u00fchlen. Denn wir nehmen den Schutz Ihrer personenbezogener Daten sehr ernst. 1.) Information \u00fcber die Erhebung personenbezogener Daten <span class=\"moretag\"><a href=\"https:\/\/kleinglobal.estate\/home\/datenschutz\/\">More info<\/a><\/span><\/p>\n","protected":false},"author":1,"featured_media":0,"parent":0,"menu_order":0,"comment_status":"closed","ping_status":"closed","template":"page-tpl-full.php","meta":{"footnotes":""},"class_list":["post-470","page","type-page","status-publish","hentry"],"_links":{"self":[{"href":"https:\/\/kleinglobal.estate\/home\/wp-json\/wp\/v2\/pages\/470","targetHints":{"allow":["GET"]}}],"collection":[{"href":"https:\/\/kleinglobal.estate\/home\/wp-json\/wp\/v2\/pages"}],"about":[{"href":"https:\/\/kleinglobal.estate\/home\/wp-json\/wp\/v2\/types\/page"}],"author":[{"embeddable":true,"href":"https:\/\/kleinglobal.estate\/home\/wp-json\/wp\/v2\/users\/1"}],"replies":[{"embeddable":true,"href":"https:\/\/kleinglobal.estate\/home\/wp-json\/wp\/v2\/comments?post=470"}],"version-history":[{"count":5,"href":"https:\/\/kleinglobal.estate\/home\/wp-json\/wp\/v2\/pages\/470\/revisions"}],"predecessor-version":[{"id":1132,"href":"https:\/\/kleinglobal.estate\/home\/wp-json\/wp\/v2\/pages\/470\/revisions\/1132"}],"wp:attachment":[{"href":"https:\/\/kleinglobal.estate\/home\/wp-json\/wp\/v2\/media?parent=470"}],"curies":[{"name":"wp","href":"https:\/\/api.w.org\/{rel}","templated":true}]}}