{"id":489,"date":"2018-08-27T17:53:18","date_gmt":"2018-08-27T15:53:18","guid":{"rendered":"https:\/\/kleinglobal.estate\/?page_id=489"},"modified":"2019-07-23T10:46:55","modified_gmt":"2019-07-23T08:46:55","slug":"unser-service","status":"publish","type":"page","link":"https:\/\/kleinglobal.estate\/home\/unser-service\/","title":{"rendered":"Unser Service"},"content":{"rendered":"<p><strong>Klein Global Real Estate ist die Agentur f\u00fcr K\u00e4ufer von\u00a0 Luxus-&amp; Investmentimmobilien<\/strong><\/p>\n<p><strong>Wir bieten unseren Kunden einen individuellen Service zur Immobiliensuche.<\/strong><br \/>\n\u2022\u00a0Wir arbeiten von Anfang an eng mit Ihnen zusammen und h\u00f6ren uns Ihre Bed\u00fcrfnisse an, um zu verstehen was Sie suchen.<br \/>\n\u2022\u00a0Wir bieten Ihnen eine offene Beratung und werden nicht versuchen, Ihnen eine bestimmte Immobilie oder einen Makler aufzudr\u00e4ngen.<\/p>\n<p><strong>Wir bieten \u00f6rtliche Fachkenntnisse und umfassende Unterst\u00fctzung in vielen Sprachen.<\/strong><br \/>\n\u2022 Alle unsere Immobilien Fachberater sprechen flie\u00dfend Deutsch und Englisch. Wir bieten auch sprachliche Unterst\u00fctzung in Russisch an.<br \/>\n\u2022\u00a0Wir geben unseren fachlichen Rat bei einem Kauf, Marktinformationen und Ortskenntnisse weiter.<br \/>\n\u2022\u00a0Wir bieten Unterst\u00fctzung nach dem Kauf, von Vertragsabschl\u00fcssen mit Versorgungsbetrieben bis hin zur Vermietungsverwaltung.<\/p>\n<p><strong>Wir suchen auf dem gesamten Markt, um Ihr Traumhaus oder Ihre Investmentimmobilie zu finden.<\/strong><br \/>\n\u2022 Wir arbeiten mit Agenturen, Bauunternehmer und privaten Eigent\u00fcmern zusammen, um die besten Immobilien zu ermitteln.<br \/>\n\u2022 Unser Insider-Wissen bedeutet, dass wir auch exklusive Immobilien pr\u00e4sentieren k\u00f6nnen, die nicht auf dem Markt sind.<br \/>\n\u2022 Wir helfen Ihnen, die Vor- und Nachteile jeder Immobilien herauszufinden.<br \/>\n\u2022 Wenn eine Auswahl getroffen wurde, veranlassen wir Besichtigungstermine der Immobilien.<\/p>\n<p><strong>Wir sparen Ihnen Zeit und Geld, in dem wir Sie von Anfang bis Ende unterst\u00fctzen.<\/strong><br \/>\n\u2022\u00a0Wir begleiten Sie zu allen Besichtigungen, bis wir die perfekte Immobilie f\u00fcr Sie finden.<br \/>\n\u2022\u00a0Wir verhandeln in Ihrem Namen, um den bestm\u00f6glichen Abschluss zu sichern.<br \/>\n\u2022\u00a0Wenn der Verkauf beschlossen ist, sorgen wir f\u00fcr eine reibungslose Kaufabwicklung.<br \/>\n\u2022\u00a0Unsere Mitarbeiter unterst\u00fctzen Sie nach dem Kauf in Bezug auf Vertragsabschl\u00fcsse mit Versorgungsbetrieben bis hin zu Vermietungen und Verwaltungst\u00e4tigkeiten.<\/p>\n<p><strong>Wir sind Ihre Suchspezialisten f\u00fcr Luxus- und Investmentimmobilien.<\/strong><\/p>\n","protected":false},"excerpt":{"rendered":"<p>Klein Global Real Estate ist die Agentur f\u00fcr K\u00e4ufer von\u00a0 Luxus-&amp; Investmentimmobilien Wir bieten unseren Kunden einen individuellen Service zur Immobiliensuche. \u2022\u00a0Wir arbeiten von Anfang an eng mit Ihnen zusammen und h\u00f6ren uns Ihre Bed\u00fcrfnisse an, um zu verstehen was Sie suchen. \u2022\u00a0Wir bieten Ihnen eine offene Beratung und werden nicht versuchen, Ihnen eine bestimmte <span class=\"moretag\"><a href=\"https:\/\/kleinglobal.estate\/home\/unser-service\/\">More info<\/a><\/span><\/p>\n","protected":false},"author":1,"featured_media":0,"parent":0,"menu_order":0,"comment_status":"closed","ping_status":"closed","template":"page-tpl-full.php","meta":{"footnotes":""},"class_list":["post-489","page","type-page","status-publish","hentry"],"_links":{"self":[{"href":"https:\/\/kleinglobal.estate\/home\/wp-json\/wp\/v2\/pages\/489","targetHints":{"allow":["GET"]}}],"collection":[{"href":"https:\/\/kleinglobal.estate\/home\/wp-json\/wp\/v2\/pages"}],"about":[{"href":"https:\/\/kleinglobal.estate\/home\/wp-json\/wp\/v2\/types\/page"}],"author":[{"embeddable":true,"href":"https:\/\/kleinglobal.estate\/home\/wp-json\/wp\/v2\/users\/1"}],"replies":[{"embeddable":true,"href":"https:\/\/kleinglobal.estate\/home\/wp-json\/wp\/v2\/comments?post=489"}],"version-history":[{"count":4,"href":"https:\/\/kleinglobal.estate\/home\/wp-json\/wp\/v2\/pages\/489\/revisions"}],"predecessor-version":[{"id":915,"href":"https:\/\/kleinglobal.estate\/home\/wp-json\/wp\/v2\/pages\/489\/revisions\/915"}],"wp:attachment":[{"href":"https:\/\/kleinglobal.estate\/home\/wp-json\/wp\/v2\/media?parent=489"}],"curies":[{"name":"wp","href":"https:\/\/api.w.org\/{rel}","templated":true}]}}