{"id":800,"date":"2019-03-16T16:27:21","date_gmt":"2019-03-16T15:27:21","guid":{"rendered":"https:\/\/kleinglobal.estate\/welcome-to-klein-global\/?page_id=800"},"modified":"2020-02-04T17:16:46","modified_gmt":"2020-02-04T16:16:46","slug":"off-market-2","status":"publish","type":"page","link":"https:\/\/kleinglobal.estate\/home\/off-market-2\/","title":{"rendered":"Off-Market"},"content":{"rendered":"\n<p class=\"has-text-align-center\"><strong>Klein\nGlobal Off Market Immobilien<\/strong><\/p>\n\n\n\n<p class=\"has-text-align-center\"><strong>Wie bieten und bitten um absolute Diskretion!<\/strong><\/p>\n\n\n\n<p><\/p>\n\n\n\n<p><strong>Verkaufen<\/strong><\/p>\n\n\n\n<p>Sie m\u00f6chten Ihre\nImmobilie ohne Aufsehen verkaufen?<\/p>\n\n\n\n<p>Diskret und\nvertraulich werden wir Ihr Objekt den passenden Investoren anbieten.<\/p>\n\n\n\n<p>Dies geschieht\nselbstverst\u00e4ndlich nicht \u00fcber \u00f6ffentliche Portale oder andere Massenmedien.<\/p>\n\n\n\n<p>Off Market Vermittlung hei\u00dft wir informieren unsere Kunden und uns bekannte Investoren.<\/p>\n\n\n\n<p><\/p>\n\n\n\n<p><strong>Kaufen<\/strong><\/p>\n\n\n\n<p>Sie suchen eine einzigartige und\nexklusive Immobilie? <\/p>\n\n\n\n<p>Oder ein renditestarkes\nAnlageobjekt?<\/p>\n\n\n\n<p>Als privater oder\ninstitutioneller Anleger teilen uns Ihren detaillierten Suchauftrag mit. <\/p>\n\n\n\n<p>Wir empfehlen Ihnen passende\nObjekte. <\/p>\n\n\n\n<p>Als Agentur f\u00fcr Off Market Immobilien f\u00fchren wir K\u00e4ufer und Verk\u00e4ufer diskret und vertraulich zueinander und unterst\u00fctzen den gesamten Prozess, vom ersten Kontakt bis zum Notartermin.<\/p>\n\n\n\n<p><\/p>\n\n\n\n<p><a href=\"https:\/\/kleinglobal.estate\/welcome-to-klein-global\/de\/kontakt\/\" target=\"_blank\" rel=\"noreferrer noopener\" aria-label=\"Kontaktieren Sie uns unverbindlich. (\u00f6ffnet in neuem Tab)\">Kontaktieren Sie uns unverbindlich.<\/a><\/p>\n","protected":false},"excerpt":{"rendered":"<p>Klein Global Off Market Immobilien Wie bieten und bitten um absolute Diskretion! Verkaufen Sie m\u00f6chten Ihre Immobilie ohne Aufsehen verkaufen? Diskret und vertraulich werden wir Ihr Objekt den passenden Investoren anbieten. Dies geschieht selbstverst\u00e4ndlich nicht \u00fcber \u00f6ffentliche Portale oder andere Massenmedien. Off Market Vermittlung hei\u00dft wir informieren unsere Kunden und uns bekannte Investoren. Kaufen Sie <span class=\"moretag\"><a href=\"https:\/\/kleinglobal.estate\/home\/off-market-2\/\">More info<\/a><\/span><\/p>\n","protected":false},"author":1,"featured_media":0,"parent":0,"menu_order":0,"comment_status":"closed","ping_status":"closed","template":"page-tpl-full.php","meta":{"footnotes":""},"class_list":["post-800","page","type-page","status-publish","hentry"],"_links":{"self":[{"href":"https:\/\/kleinglobal.estate\/home\/wp-json\/wp\/v2\/pages\/800","targetHints":{"allow":["GET"]}}],"collection":[{"href":"https:\/\/kleinglobal.estate\/home\/wp-json\/wp\/v2\/pages"}],"about":[{"href":"https:\/\/kleinglobal.estate\/home\/wp-json\/wp\/v2\/types\/page"}],"author":[{"embeddable":true,"href":"https:\/\/kleinglobal.estate\/home\/wp-json\/wp\/v2\/users\/1"}],"replies":[{"embeddable":true,"href":"https:\/\/kleinglobal.estate\/home\/wp-json\/wp\/v2\/comments?post=800"}],"version-history":[{"count":7,"href":"https:\/\/kleinglobal.estate\/home\/wp-json\/wp\/v2\/pages\/800\/revisions"}],"predecessor-version":[{"id":1016,"href":"https:\/\/kleinglobal.estate\/home\/wp-json\/wp\/v2\/pages\/800\/revisions\/1016"}],"wp:attachment":[{"href":"https:\/\/kleinglobal.estate\/home\/wp-json\/wp\/v2\/media?parent=800"}],"curies":[{"name":"wp","href":"https:\/\/api.w.org\/{rel}","templated":true}]}}