{"id":808,"date":"2019-03-17T08:57:23","date_gmt":"2019-03-17T07:57:23","guid":{"rendered":"https:\/\/kleinglobal.estate\/welcome-to-klein-global\/?page_id=808"},"modified":"2019-07-04T09:18:29","modified_gmt":"2019-07-04T07:18:29","slug":"ankaufsprofil","status":"publish","type":"page","link":"https:\/\/kleinglobal.estate\/home\/ankaufsprofil\/","title":{"rendered":"Ankaufsprofil"},"content":{"rendered":"\n<p><strong>Ankaufsprofil<\/strong><\/p>\n\n\n\n<p>Sie m\u00f6chten Ihre Immobilie verkaufen?<\/p>\n\n\n\n<p>Wir kennen den passenden K\u00e4ufer!<\/p>\n\n\n\n<p>Klein Global Real Estate erh\u00e4lt regelm\u00e4\u00dfig Anfragen von Kunden und Interessenten nach lukrativen, Off Market \u00a0Anlageobjekten, mit unterschiedlichen Anlageprofilen.<\/p>\n\n\n\n<p>Wir sind deshalb stets auf der Suche nach den passenden\nImmobilien.<\/p>\n\n\n\n<p><strong>Wir suchen:<\/strong><\/p>\n\n\n\n<ul class=\"wp-block-list\"><li>Wohnanlagen und Mehrfamilienh\u00e4user<\/li><li>Wohn- und Gesch\u00e4ftsh\u00e4user<\/li><li>B\u00fcrogeb\u00e4ude<\/li><li>\u00c4rzteh\u00e4user<\/li><li>Hotels ab 50 Zimmer, mit oder ohne Betreiber<\/li><li>Senioren- und Pflegeheime<\/li><li>Fachmarktzentren &amp; Superm\u00e4rkte, Einkaufszentren<\/li><li>Lager-\nund Produktionshallen<\/li><li>Immobilien-Portfolios<\/li><li>Grundst\u00fccke: Wohn- oder Gewerbebebauung<\/li><\/ul>\n\n\n\n<p>ab ca. 500.000,&#8211; Euro.<\/p>\n\n\n\n<p><strong>Standorte:<\/strong><\/p>\n\n\n\n<p>Bundesweit: <\/p>\n\n\n\n<p>A &amp; B Standorte<\/p>\n\n\n\n<p>St\u00e4dte ab ca. 50.000 Einwohnern\nmit Entwicklungspotential<\/p>\n\n\n\n<p>Bevorzugt: \u00a0Rhein-Main-Gebiet, M\u00fcnchen, Hamburg, Berlin, Dresden, Leipzig<\/p>\n\n\n\n<p><br><strong>Objektpr\u00fcfung:<\/strong><\/p>\n\n\n\n<p>Zur Pr\u00fcfung des Angebots\nben\u00f6tigen wir:<\/p>\n\n\n\n<p>Vollst\u00e4ndige Adresse<\/p>\n\n\n\n<p>Aktuelle Objektbilder, innen und\nau\u00dfen<\/p>\n\n\n\n<p>Bei Wohnanlagen und\nGewerbeimmobilien: Mieterliste inklusive Ist &amp; Soll-Mieten, Einzugstermin\nund letzte Mieterh\u00f6hung sowie Laufzeiten der Mietvertr\u00e4ge <\/p>\n\n\n\n<p>Anzahl der Einheiten mit\nFl\u00e4chenangaben und Grundrissen<\/p>\n\n\n\n<p>Grundbuchauszug <\/p>\n\n\n\n<p>Kaufpreis <\/p>\n\n\n\n<p>Den Alleinmaklerauftrag oder\nBest\u00e4tigung \u00fcber die Erlaubnis der Objektvermittlung des Eigent\u00fcmers<\/p>\n","protected":false},"excerpt":{"rendered":"<p>Ankaufsprofil Sie m\u00f6chten Ihre Immobilie verkaufen? Wir kennen den passenden K\u00e4ufer! Klein Global Real Estate erh\u00e4lt regelm\u00e4\u00dfig Anfragen von Kunden und Interessenten nach lukrativen, Off Market \u00a0Anlageobjekten, mit unterschiedlichen Anlageprofilen. Wir sind deshalb stets auf der Suche nach den passenden Immobilien. Wir suchen: Wohnanlagen und Mehrfamilienh\u00e4user Wohn- und Gesch\u00e4ftsh\u00e4user B\u00fcrogeb\u00e4ude \u00c4rzteh\u00e4user Hotels ab 50 Zimmer, <span class=\"moretag\"><a href=\"https:\/\/kleinglobal.estate\/home\/ankaufsprofil\/\">More info<\/a><\/span><\/p>\n","protected":false},"author":1,"featured_media":0,"parent":0,"menu_order":0,"comment_status":"closed","ping_status":"closed","template":"page-tpl-full.php","meta":{"footnotes":""},"class_list":["post-808","page","type-page","status-publish","hentry"],"_links":{"self":[{"href":"https:\/\/kleinglobal.estate\/home\/wp-json\/wp\/v2\/pages\/808","targetHints":{"allow":["GET"]}}],"collection":[{"href":"https:\/\/kleinglobal.estate\/home\/wp-json\/wp\/v2\/pages"}],"about":[{"href":"https:\/\/kleinglobal.estate\/home\/wp-json\/wp\/v2\/types\/page"}],"author":[{"embeddable":true,"href":"https:\/\/kleinglobal.estate\/home\/wp-json\/wp\/v2\/users\/1"}],"replies":[{"embeddable":true,"href":"https:\/\/kleinglobal.estate\/home\/wp-json\/wp\/v2\/comments?post=808"}],"version-history":[{"count":4,"href":"https:\/\/kleinglobal.estate\/home\/wp-json\/wp\/v2\/pages\/808\/revisions"}],"predecessor-version":[{"id":907,"href":"https:\/\/kleinglobal.estate\/home\/wp-json\/wp\/v2\/pages\/808\/revisions\/907"}],"wp:attachment":[{"href":"https:\/\/kleinglobal.estate\/home\/wp-json\/wp\/v2\/media?parent=808"}],"curies":[{"name":"wp","href":"https:\/\/api.w.org\/{rel}","templated":true}]}}